{"id":482,"date":"2023-09-18T12:53:23","date_gmt":"2023-09-18T12:53:23","guid":{"rendered":"https:\/\/pitchforks-for-peace.com\/supporter\/"},"modified":"2023-10-27T07:48:47","modified_gmt":"2023-10-27T07:48:47","slug":"supporter","status":"publish","type":"page","link":"https:\/\/pitchforks-for-peace.com\/en\/supporter\/","title":{"rendered":"Supporter"},"content":{"rendered":"<section class=\"l-section wpb_row us_custom_b98d248b height_auto width_full color_footer-top with_img parallax_ver with_shape\"><div class=\"l-section-img\" role=\"img\" data-img-width=\"\" data-img-height=\"\" style=\"background-image: url(https:\/\/pitchforks-for-peace.com\/wp-content\/uploads\/2023\/09\/BG_Muster_weiss.svg);background-repeat: no-repeat;\"><\/div><div class=\"l-section-shape type_tilt pos_top hor_flip\" style=\"height:4vmin;color:var(--color-header-top-bg)\"><svg xmlns=\"http:\/\/www.w3.org\/2000\/svg\" viewBox=\"0 0 64 8\" preserveAspectRatio=\"none\" width=\"100%\" height=\"100%\">\r\n\t<path fill=\"currentColor\" d=\"M64 7.9 L64 10 L0 10 L0 0 Z\"\/>\r\n<\/svg><\/div><div class=\"l-section-shape type_tilt pos_bottom on_front\" style=\"height:5vmin;color:var(--color-header-top-bg)\"><svg xmlns=\"http:\/\/www.w3.org\/2000\/svg\" viewBox=\"0 0 64 8\" preserveAspectRatio=\"none\" width=\"100%\" height=\"100%\">\r\n\t<path fill=\"currentColor\" d=\"M64 7.9 L64 10 L0 10 L0 0 Z\"\/>\r\n<\/svg><\/div><div class=\"l-section-h i-cf\"><div class=\"g-cols vc_row via_flex valign_bottom type_boxes stacking_default\"><div class=\"vc_col-sm-12 wpb_column vc_column_container has_bg_color\"><div class=\"vc_column-inner us_custom_b97dfd68\"><div class=\"wpb_wrapper\"><div class=\"w-separator size_huge\"><\/div><div class=\"g-cols wpb_row via_flex valign_bottom type_default stacking_default\"><div class=\"vc_col-sm-6 wpb_column vc_column_container\"><div class=\"vc_column-inner us_custom_b91424ac\"><div class=\"wpb_wrapper\">[vc_custom_heading text=&#8221;fo<br \/>\nrx&#8221; font_container=&#8221;tag:h1|text_align:left&#8221; use_theme_fonts=&#8221;yes&#8221; css=&#8221;%7B%22default%22%3A%7B%22color%22%3A%22_content_heading%22%2C%22font-size%22%3A%22calc%28150px%20%2B%2010vw%29%22%2C%22line-height%22%3A%221%22%2C%22letter-spacing%22%3A%220.4em%22%2C%22font-family%22%3A%22h1%22%2C%22font-weight%22%3A%22400%22%2C%22margin-bottom%22%3A%220px%22%2C%22padding-bottom%22%3A%220px%22%7D%7D&#8221; link=&#8221;url:https%3A%2F%2Fpitchforks-for-peace.com%2Fen%2F|title:Homepage|&#8221;]<\/div><\/div><\/div><div class=\"vc_col-sm-6 wpb_column vc_column_container\"><div class=\"vc_column-inner\"><div class=\"wpb_wrapper\"><div class=\"w-hwrapper valign_top align_right\" style=\"--hwrapper-gap:0rem\"><div class=\"wpb_text_column us_custom_695e4156 has_text_color\"><div class=\"wpb_wrapper\"><p>pitchforks<br \/>\nfor<br \/>\npeace<\/p>\n<\/div><\/div><\/div><\/div><\/div><\/div><\/div><div class=\"w-separator size_huge\"><\/div><div class=\"g-cols wpb_row via_flex valign_top type_default stacking_default\"><div class=\"vc_col-sm-12 wpb_column vc_column_container\"><div class=\"vc_column-inner\"><div class=\"wpb_wrapper\"><div class=\"wpb_text_column\"><div class=\"wpb_wrapper\"><h2><strong>forx<br \/>\n<\/strong>is supported by<\/h2>\n<\/div><\/div><\/div><\/div><\/div><\/div><div class=\"w-separator size_huge\"><\/div><div class=\"g-cols wpb_row via_flex valign_top type_default stacking_default\"><div class=\"vc_col-sm-2 wpb_column vc_column_container\"><div class=\"vc_column-inner\"><div class=\"wpb_wrapper\"><div class=\"w-image align_none\"><div class=\"w-image-h\"><img decoding=\"async\" width=\"1024\" height=\"1024\" src=\"https:\/\/pitchforks-for-peace.com\/wp-content\/uploads\/2023\/09\/Logo_Eggerland.svg\" class=\"attachment-large size-large\" alt=\"\" loading=\"lazy\" \/><\/div><\/div><div class=\"w-separator size_small\"><\/div><div class=\"wpb_text_column\"><div class=\"wpb_wrapper\"><p>The accompanying youth project &#8220;Art and Work&#8221; was sponsored by the Felicitas and Werner Egerland Foundation.<\/p>\n<\/div><\/div><\/div><\/div><\/div><div class=\"vc_col-sm-2 wpb_column vc_column_container\"><div class=\"vc_column-inner\"><div class=\"wpb_wrapper\"><\/div><\/div><\/div><\/div><div class=\"w-separator size_huge\"><\/div><div class=\"g-cols wpb_row via_flex valign_middle type_default stacking_default\"><div class=\"vc_col-sm-3 wpb_column vc_column_container schraege_kinderzeile has_text_color\"><div class=\"vc_column-inner us_custom_cc8eaa6c\"><div class=\"wpb_wrapper\"><div class=\"w-image align_none\"><div class=\"w-image-h\"><img decoding=\"async\" width=\"1024\" height=\"1024\" src=\"https:\/\/pitchforks-for-peace.com\/wp-content\/uploads\/2023\/09\/Logo_SparkasseOS.svg\" class=\"attachment-large size-large\" alt=\"\" loading=\"lazy\" \/><\/div><\/div><\/div><\/div><\/div><div class=\"vc_col-sm-3 wpb_column vc_column_container\"><div class=\"vc_column-inner\"><div class=\"wpb_wrapper\"><div class=\"w-image us_custom_8665cf32 align_none\"><div class=\"w-image-h\"><img decoding=\"async\" width=\"1024\" height=\"1024\" src=\"https:\/\/pitchforks-for-peace.com\/wp-content\/uploads\/2023\/09\/Logo_Bohnenkamp.svg\" class=\"attachment-large size-large\" alt=\"\" loading=\"lazy\" \/><\/div><\/div><\/div><\/div><\/div><div class=\"vc_col-sm-3 wpb_column vc_column_container\"><div class=\"vc_column-inner\"><div class=\"wpb_wrapper\"><div class=\"w-image align_none\"><div class=\"w-image-h\"><img decoding=\"async\" width=\"1024\" height=\"1024\" src=\"https:\/\/pitchforks-for-peace.com\/wp-content\/uploads\/2023\/09\/Logo_WestfFrieden_v2.svg\" class=\"attachment-large size-large\" alt=\"\" loading=\"lazy\" \/><\/div><\/div><\/div><\/div><\/div><div class=\"vc_col-sm-3 wpb_column vc_column_container\"><div class=\"vc_column-inner\"><div class=\"wpb_wrapper\"><div class=\"w-image us_custom_8665cf32 align_none\"><div class=\"w-image-h\"><img decoding=\"async\" width=\"1024\" height=\"1024\" src=\"https:\/\/pitchforks-for-peace.com\/wp-content\/uploads\/2023\/09\/Logo_Brillux.svg\" class=\"attachment-large size-large\" alt=\"\" loading=\"lazy\" \/><\/div><\/div><\/div><\/div><\/div><\/div><div class=\"w-separator size_huge\"><\/div><div class=\"g-cols wpb_row via_flex valign_top type_default stacking_default\"><div class=\"vc_col-sm-12 wpb_column vc_column_container schraege_kinderzeile has_text_color\"><div class=\"vc_column-inner us_custom_cc8eaa6c\"><div class=\"wpb_wrapper\"><div class=\"wpb_text_column us_custom_855d552e\"><div class=\"wpb_wrapper\"><p class=\"p1\" style=\"text-align: left;\">Die Br\u00fccke Werkgemeinschaft Bramsche<br \/>\nOsnabr\u00fcck Roofing Guild<br \/>\nMalerinnung Osnabr\u00fcck<br \/>\nDyckerhoff Beton GmbH &amp; Co. KG<br \/>\nFamily Wolfgang K\u00fchnl<br \/>\nChristian Staub<br \/>\nFamily Meyer zu Strohen<br \/>\nCurrentis GmbH<br \/>\nIngenierb\u00fcro Martin Kollmann<br \/>\nFuchs + Sanders (cable ties)<br \/>\nNiederberghaus &#8211; Ibbenb\u00fcren<br \/>\nLandvolk Osnabr\u00fcck<br \/>\nLandfrauen Osnabr\u00fcck<br \/>\nDie Etagen GmbH<br \/>\nStefan Schmersal<br \/>\nRotary Club Nord<br \/>\nKlaus Hellmann<br \/>\nWindel Group<br \/>\nOsnabr\u00fcck Ratskeller<br \/>\nAuto Weller<br \/>\nKVN<br \/>\nQ1 Beckmann<br \/>\nWilde Triebe<br \/>\nKlartext<br \/>\nPetra Coppenrath<br \/>\nVornb\u00e4umen Stahlseile<br \/>\nBauer Bedachungen (Aufbau am Rathaus)<br \/>\nFamily Carsten Knief<br \/>\nElektrotechnik Korte<br \/>\nBau- und Kulturverwaltung Osnabr\u00fcck<br \/>\nFriedhelm Scheel &#8211; Westerkappeln<br \/>\nL&amp;T &#8211; Lengermann &amp; Trieschmann<br \/>\nahw Ingenieure GmbH &#8211; M\u00fcnster,<br \/>\nSteute Technologies GmbH &amp; Co KG<br \/>\nHeuer und das Gr\u00fcn (Hubsteiger)<br \/>\nBrehe Mobilit\u00e4ts GmbH (Hubsteiger)<br \/>\nRaifeisen Warengenossenschaft Osnabr\u00fcckerland eG (RWO)<br \/>\nB\u00f6cker Maschinenwerke GmbH<br \/>\nThe Red Thread Ltd.<br \/>\nHeuer und Gr\u00fcn<br \/>\nBrillux (Farbe)<\/p>\n<\/div><\/div><\/div><\/div><\/div><\/div><div class=\"w-separator size_huge\"><\/div><\/div><\/div><\/div><\/div><\/div><\/section>\n","protected":false},"excerpt":{"rendered":"[vc_custom_heading text=\"fo rx\" font_container=\"tag:h1|text_align:left\" use_theme_fonts=\"yes\" css=\"%7B%22default%22%3A%7B%22color%22%3A%22_content_heading%22%2C%22font-size%22%3A%22calc%28150px%20%2B%2010vw%29%22%2C%22line-height%22%3A%221%22%2C%22letter-spacing%22%3A%220.4em%22%2C%22font-family%22%3A%22h1%22%2C%22font-weight%22%3A%22400%22%2C%22margin-bottom%22%3A%220px%22%2C%22padding-bottom%22%3A%220px%22%7D%7D\" link=\"url:https%3A%2F%2Fpitchforks-for-peace.com%2Fen%2F|title:Homepage|\"]pitchforks for peace forx is supported by The accompanying youth project &#8220;Art and Work&#8221; was sponsored by the Felicitas and Werner Egerland Foundation. Die Br\u00fccke Werkgemeinschaft Bramsche Osnabr\u00fcck Roofing Guild Malerinnung Osnabr\u00fcck Dyckerhoff Beton GmbH &amp; Co. KG Family Wolfgang K\u00fchnl Christian Staub Family Meyer zu Strohen Currentis GmbH...","protected":false},"author":1,"featured_media":0,"parent":0,"menu_order":0,"comment_status":"closed","ping_status":"closed","template":"","meta":{"_acf_changed":false,"footnotes":""},"acf":[],"yoast_head":"<!-- This site is optimized with the Yoast SEO plugin v22.5 - https:\/\/yoast.com\/wordpress\/plugins\/seo\/ -->\n<title>Supporter - Pitchforks for Peace<\/title>\n<meta name=\"robots\" content=\"index, follow, max-snippet:-1, max-image-preview:large, max-video-preview:-1\" \/>\n<link rel=\"canonical\" href=\"https:\/\/pitchforks-for-peace.com\/en\/supporter\/\" \/>\n<meta property=\"og:locale\" content=\"en_US\" \/>\n<meta property=\"og:type\" content=\"article\" \/>\n<meta property=\"og:title\" content=\"Supporter - Pitchforks for Peace\" \/>\n<meta property=\"og:url\" content=\"https:\/\/pitchforks-for-peace.com\/en\/supporter\/\" \/>\n<meta property=\"og:site_name\" content=\"Pitchforks for Peace\" \/>\n<meta property=\"article:modified_time\" content=\"2023-10-27T07:48:47+00:00\" \/>\n<meta name=\"twitter:card\" content=\"summary_large_image\" \/>\n<meta name=\"twitter:label1\" content=\"Est. reading time\" \/>\n\t<meta name=\"twitter:data1\" content=\"2 minutes\" \/>\n<script type=\"application\/ld+json\" class=\"yoast-schema-graph\">{\"@context\":\"https:\/\/schema.org\",\"@graph\":[{\"@type\":\"WebPage\",\"@id\":\"https:\/\/pitchforks-for-peace.com\/en\/supporter\/\",\"url\":\"https:\/\/pitchforks-for-peace.com\/en\/supporter\/\",\"name\":\"Supporter - Pitchforks for Peace\",\"isPartOf\":{\"@id\":\"https:\/\/pitchforks-for-peace.com\/en\/#website\"},\"datePublished\":\"2023-09-18T12:53:23+00:00\",\"dateModified\":\"2023-10-27T07:48:47+00:00\",\"breadcrumb\":{\"@id\":\"https:\/\/pitchforks-for-peace.com\/en\/supporter\/#breadcrumb\"},\"inLanguage\":\"en-US\",\"potentialAction\":[{\"@type\":\"ReadAction\",\"target\":[\"https:\/\/pitchforks-for-peace.com\/en\/supporter\/\"]}]},{\"@type\":\"BreadcrumbList\",\"@id\":\"https:\/\/pitchforks-for-peace.com\/en\/supporter\/#breadcrumb\",\"itemListElement\":[{\"@type\":\"ListItem\",\"position\":1,\"name\":\"Startseite\",\"item\":\"https:\/\/pitchforks-for-peace.com\/en\/homepage\/\"},{\"@type\":\"ListItem\",\"position\":2,\"name\":\"Supporter\"}]},{\"@type\":\"WebSite\",\"@id\":\"https:\/\/pitchforks-for-peace.com\/en\/#website\",\"url\":\"https:\/\/pitchforks-for-peace.com\/en\/\",\"name\":\"Pitchforks for Peace\",\"description\":\"Die Heugabel als Symbol der Gegenwehr\",\"publisher\":{\"@id\":\"https:\/\/pitchforks-for-peace.com\/en\/#organization\"},\"potentialAction\":[{\"@type\":\"SearchAction\",\"target\":{\"@type\":\"EntryPoint\",\"urlTemplate\":\"https:\/\/pitchforks-for-peace.com\/en\/?s={search_term_string}\"},\"query-input\":\"required name=search_term_string\"}],\"inLanguage\":\"en-US\"},{\"@type\":\"Organization\",\"@id\":\"https:\/\/pitchforks-for-peace.com\/en\/#organization\",\"name\":\"Pitchforks for Peace\",\"url\":\"https:\/\/pitchforks-for-peace.com\/en\/\",\"logo\":{\"@type\":\"ImageObject\",\"inLanguage\":\"en-US\",\"@id\":\"https:\/\/pitchforks-for-peace.com\/en\/#\/schema\/logo\/image\/\",\"url\":\"https:\/\/pitchforks-for-peace.com\/wp-content\/uploads\/2023\/09\/Zeichenflaeche-\u2013-3-1.png\",\"contentUrl\":\"https:\/\/pitchforks-for-peace.com\/wp-content\/uploads\/2023\/09\/Zeichenflaeche-\u2013-3-1.png\",\"width\":672,\"height\":672,\"caption\":\"Pitchforks for Peace\"},\"image\":{\"@id\":\"https:\/\/pitchforks-for-peace.com\/en\/#\/schema\/logo\/image\/\"}}]}<\/script>\n<!-- \/ Yoast SEO plugin. -->","yoast_head_json":{"title":"Supporter - Pitchforks for Peace","robots":{"index":"index","follow":"follow","max-snippet":"max-snippet:-1","max-image-preview":"max-image-preview:large","max-video-preview":"max-video-preview:-1"},"canonical":"https:\/\/pitchforks-for-peace.com\/en\/supporter\/","og_locale":"en_US","og_type":"article","og_title":"Supporter - Pitchforks for Peace","og_url":"https:\/\/pitchforks-for-peace.com\/en\/supporter\/","og_site_name":"Pitchforks for Peace","article_modified_time":"2023-10-27T07:48:47+00:00","twitter_card":"summary_large_image","twitter_misc":{"Est. reading time":"2 minutes"},"schema":{"@context":"https:\/\/schema.org","@graph":[{"@type":"WebPage","@id":"https:\/\/pitchforks-for-peace.com\/en\/supporter\/","url":"https:\/\/pitchforks-for-peace.com\/en\/supporter\/","name":"Supporter - Pitchforks for Peace","isPartOf":{"@id":"https:\/\/pitchforks-for-peace.com\/en\/#website"},"datePublished":"2023-09-18T12:53:23+00:00","dateModified":"2023-10-27T07:48:47+00:00","breadcrumb":{"@id":"https:\/\/pitchforks-for-peace.com\/en\/supporter\/#breadcrumb"},"inLanguage":"en-US","potentialAction":[{"@type":"ReadAction","target":["https:\/\/pitchforks-for-peace.com\/en\/supporter\/"]}]},{"@type":"BreadcrumbList","@id":"https:\/\/pitchforks-for-peace.com\/en\/supporter\/#breadcrumb","itemListElement":[{"@type":"ListItem","position":1,"name":"Startseite","item":"https:\/\/pitchforks-for-peace.com\/en\/homepage\/"},{"@type":"ListItem","position":2,"name":"Supporter"}]},{"@type":"WebSite","@id":"https:\/\/pitchforks-for-peace.com\/en\/#website","url":"https:\/\/pitchforks-for-peace.com\/en\/","name":"Pitchforks for Peace","description":"Die Heugabel als Symbol der Gegenwehr","publisher":{"@id":"https:\/\/pitchforks-for-peace.com\/en\/#organization"},"potentialAction":[{"@type":"SearchAction","target":{"@type":"EntryPoint","urlTemplate":"https:\/\/pitchforks-for-peace.com\/en\/?s={search_term_string}"},"query-input":"required name=search_term_string"}],"inLanguage":"en-US"},{"@type":"Organization","@id":"https:\/\/pitchforks-for-peace.com\/en\/#organization","name":"Pitchforks for Peace","url":"https:\/\/pitchforks-for-peace.com\/en\/","logo":{"@type":"ImageObject","inLanguage":"en-US","@id":"https:\/\/pitchforks-for-peace.com\/en\/#\/schema\/logo\/image\/","url":"https:\/\/pitchforks-for-peace.com\/wp-content\/uploads\/2023\/09\/Zeichenflaeche-\u2013-3-1.png","contentUrl":"https:\/\/pitchforks-for-peace.com\/wp-content\/uploads\/2023\/09\/Zeichenflaeche-\u2013-3-1.png","width":672,"height":672,"caption":"Pitchforks for Peace"},"image":{"@id":"https:\/\/pitchforks-for-peace.com\/en\/#\/schema\/logo\/image\/"}}]}},"_links":{"self":[{"href":"https:\/\/pitchforks-for-peace.com\/en\/wp-json\/wp\/v2\/pages\/482"}],"collection":[{"href":"https:\/\/pitchforks-for-peace.com\/en\/wp-json\/wp\/v2\/pages"}],"about":[{"href":"https:\/\/pitchforks-for-peace.com\/en\/wp-json\/wp\/v2\/types\/page"}],"author":[{"embeddable":true,"href":"https:\/\/pitchforks-for-peace.com\/en\/wp-json\/wp\/v2\/users\/1"}],"replies":[{"embeddable":true,"href":"https:\/\/pitchforks-for-peace.com\/en\/wp-json\/wp\/v2\/comments?post=482"}],"version-history":[{"count":11,"href":"https:\/\/pitchforks-for-peace.com\/en\/wp-json\/wp\/v2\/pages\/482\/revisions"}],"predecessor-version":[{"id":555,"href":"https:\/\/pitchforks-for-peace.com\/en\/wp-json\/wp\/v2\/pages\/482\/revisions\/555"}],"wp:attachment":[{"href":"https:\/\/pitchforks-for-peace.com\/en\/wp-json\/wp\/v2\/media?parent=482"}],"curies":[{"name":"wp","href":"https:\/\/api.w.org\/{rel}","templated":true}]}}